{"id":244,"date":"2024-12-03T18:20:58","date_gmt":"2024-12-03T17:20:58","guid":{"rendered":"https:\/\/new.antmir.it\/?page_id=244"},"modified":"2026-03-25T23:03:45","modified_gmt":"2026-03-25T22:03:45","slug":"termini-e-condizioni","status":"publish","type":"page","link":"https:\/\/antmir.it\/en\/termini-e-condizioni\/","title":{"rendered":"Terms and Conditions"},"content":{"rendered":"<p>The website <a href=\"https:\/\/antmir.it\/en\/\">antmir.it<\/a> is the exclusive property of the company <i>Organic Lux SRL, Via sottoferrovia, 2, 19034 &#8211; Luni (SP)<\/i> iscritta presso la Camera di Commercio di Luni, codice fiscale e partita I.V.A. IT 01585990110. Ogni informazione upporto o richiesta possono essere inoltrati all\u2019indirizzo di posta elettronica <a href=\"mailto:info@antmir.it\" target=\"_blank\" rel=\"noopener\">info@antmir.it<\/a><\/p>\n<p>If the customer is a consumer (i.e. a natural person who purchases the goods for purposes other than any entrepreneurial or professional activity carried out, or does not make the purchase by indicating a VAT number in the order form), purchases made on the site <a href=\"https:\/\/antmir.it\/en\/\">antmir.it<\/a> sono regolati dalla legge italiana sulla compravendita a distanza (D.Lgs n. 206 del 6 settembre 2005). Organic Lux SRL ottempera altres\u00ec agli obblighi derivanti dal Decreto Legislativo 9 aprile 2003 n. 70 (Attuazione della Direttiva 2000\/31\/CE relativa a taluni aspetti giuridici dei servizi della societ\u00e0 dell\u2019informazione nel mercato interno, con particolare riferimento al commercio elettronico). La vendita tra Organic Lux SRL ed il cliente deve intendersi conclusa nel momento in cui l\u2019ordine inoltrato dal cliente, nel rispetto della procedura di acquisto appositamente indicata sul sito internet indicato, perviene all\u2019indirizzo del sito medesimo. L\u2019ordine inviato dal cliente sar\u00e0 vincolante per Organic Lux SRL solo se l\u2019intera procedura di acquisto sia stata completata regolarmente ed in modo corretto, senza alcun evidenza di messaggi di errore da parte del sito. Inoltrando l\u2019ordine di acquisto il cliente riconosce e dichiara di aver preso visione di tutte le indicazioni fornitegli dal sito durante la procedura d\u2019acquisto on line e di accettare integralmente le condizioni generali di vendita.<\/p>\n<h3>How to purchase<\/h3>\n<p>The customer can only purchase the products present in the site catalog at the time of placing the order, as described in the relevant technical-informative sheets. The order cannot be placed in relation to products that, although present in the site catalog, are indicated as unavailable. In any case, the products present on the site are offered until their availability runs out.<\/p>\n<p>All products displayed on the site are intended to be available for immediate delivery, unless otherwise explicitly indicated. The sales prices displayed on the site <a href=\"https:\/\/antmir.it\/en\/\">antmir.it<\/a> sono da intendersi comprensivi di I.V.A. La corretta ricezione dell\u2019ordine \u00e8 confermata da Organic Lux SRL mediante una comunicazione, inviata via e-mail, all\u2019indirizzo di posta elettronica indicato dal cliente nella procedura d\u2019acquisto. La comunicazione di conferma riporter\u00e0 il numero identificativo dell\u2019ordine, la data e l\u2019ora di effettuazione dell\u2019ordine, l\u2019indicazione dei prodotti acquistati, il prezzo, le spese di consegna e di eventuale contrassegno, i dati forniti dal cliente per la fatturazione e per la consegna, la modalit\u00e0 di pagamento scelta dal cliente ed un riepilogo delle condizioni generali di vendita. Il cliente deve senza indugio verificare il contenuto della comunicazione e si impegna a verificare la correttezza dei dati in essa contenuti nonch\u00e9 a comunicare tempestivamente eventuali errori e\/o omissioni. In caso di momentaneo esaurimento o ritardo di un prodotto il cliente verr\u00e0 tempestivamente avvisato via e\u2013mail.<\/p>\n<h3>Payment Methods<\/h3>\n<p>Each payment by the customer can only be made using one of the methods indicated on the site <a href=\"https:\/\/antmir.it\/en\/\">antmir.it<\/a>.<\/p>\n<h3>Paypal, with credit card and prepaid cards<\/h3>\n<p>L\u2019importo dell\u2019ordine verr\u00e0 addebitato sul conto Paypal del cliente dopo la conferma dell\u2019ordine da parte di Organic Lux SRL. La consegna del prodotto sar\u00e0 eseguita successivamente alla verifica dell\u2019accredito del prezzo di acquisto nel conto PayPal di Organic Lux SRL . Eventuali rimborsi al cliente saranno effettuati da Organic Lux SRL. Ad ogni transazione effettuata verr\u00e0 inviata un\u2019e-mail di conferma da PayPal.<\/p>\n<h3>Advance Bank Transfer<\/h3>\n<p>In caso di pagamento tramite bonifico bancario anticipato, l\u2019esecuzione della consegna di quanto ordinato dal cliente verr\u00e0 mantenuta sospesa fino all\u2019avvenuto accredito dell\u2019importo dovuto sul conto bancario di Organic Lux SRL. Il bonifico dovr\u00e0 essere effettuato dal cliente entro tre giorni lavorativi dalla ricezione dell\u2019e-mail che attesta la ricevuta dell\u2019ordine ed il cliente dovr\u00e0 fornire prova dell\u2019ordine del bonifico inviandone copia a Organic Lux SRL tramite posta elettronica all\u2019indirizzo <a href=\"mailto:info@antmir.it\" target=\"_blank\" rel=\"noopener\">info@antmir.it<\/a>. L\u2019accredito dell\u2019importo bonificato sul conto di Organic Lux SRL dovr\u00e0 avvenire entro otto giorni lavorativi dalla ricezione dell\u2019e-mail che attesta la ricevuta dell\u2019ordine. Decorso invano uno dei termini sopra citati, l\u2019ordine si intender\u00e0 automaticamente annullato e non sar\u00e0 evaso. La causale del bonifico bancario dovr\u00e0 riportare: I) nome e cognome, ragione o denominazione sociale dell\u2019intestatario dell\u2019ordine; II) il numero di riferimento dell\u2019ordine; III) la data di effettuazione dell\u2019ordine.<\/p>\n<h3>Delivery methods and costs<\/h3>\n<p>Organic Lux SRL provveder\u00e0 a recapitare i prodotti selezionati ed acquistati tramite corriere espresso all\u2019indirizzo fornito dal cliente al momento dell\u2019ordine. Gli ordini verranno processati appena ricevuti. Organic Lux SRL si impegna a consegnare i prodotti nel minor tempo possibile. L\u2019importo totale delle spese sar\u00e0 visibile prima di procedere con la conferma dell\u2019acquisto. La merce spedita verr\u00e0 controllata e consegnata allo spedizioniere integra e senza difetti. Organic Lux SRL non pu\u00f2 ritenersi in alcun modo responsabile per eventuali ritardi o danneggiamenti imputabili a colpe dello spedizioniere. Spedizione Italia : Il trasporto sul territorio italiano ed europeo \u00e8 affidato al corriere espresso di massima notoriet\u00e0 ed affidabilit\u00e0. La consegna per l\u2019Italia avviene entro 24\/48 ore, i tempi sopra indicati sono assolutamente indicativi e possono variare in periodi di festivit\u00e0 e\/o in base alla destinazione da raggiungere. In ogni caso non siamo responsabili per eventuali ritardi dovuti al corriere. Per Il trasporto sul territorio europeo i tempi di consegna variano dai 2 ai 5 giorni lavorativi in base alla destinazione da raggiungere. Al fine di avere una consegna accurata e sicura preghiamo di indicare l\u2019indirizzo di destinazione con la maggiore precisione possibile, completo di informazioni utili, quali ad esempio Scala, Interno, Citofono, etc. Associato ad ogni ordine sar\u00e0 presente, e verr\u00e0 comunicato tramite una e-mail di conferma dell\u2019avvenuta partenza del pacco dal nostro magazzino, un codice spedizione costituito da un numero identificativo con il quale sar\u00e0 possibile controllare dove si trova il pacco spedito direttamente dal sito del corriere. Mancata consegna per assenza del destinatario: Nel caso il destinatario della spedizione sia assente, il corriere provveder\u00e0 a lasciare un avviso al primo passaggio e ad effettuare un secondo passaggio il giorno successivo. In caso di assenza del destinatario al secondo passaggio la merce entra in giacenza. Il servizio di giacenza consiste nella custodia di spedizioni che non sono state consegnate per cause indipendenti al corriere. In caso di mancata consegna, la merce viene inserita in apposite aree sorvegliate con accesso limitato. Il servizio prevede l\u2019invio al mittente delle informazioni riguardanti la giacenza e la richiesta delle spedizioni di riconsegna. La merce viene rispedita al mittente se non vi sono nuove istruzioni entro 10 giorni lavorativi dalla data di apertura della giacenza. Tutte le spese relative alle giacenze e alle relative riconsegne saranno addebitate direttamente al destinatario. L\u2019emissione della fattura non \u00e8 obbligatoria qualora non venga richiesta dal cliente non oltre il momento di effettuazione dell\u2019operazione, come indicato nell\u2019art. 22 del D.P.R. del 26\/10\/1972 n. 633. Inviando l\u2019ordine a Organic Lux SRL il cliente accetta di ricevere la fattura\/scontrino in formato elettronico. Il cliente potr\u00e0 ricevere la fattura\/scontrino in formato cartaceo facendone espressa richiesta a le Organic Lux SRL. Dopo l\u2019emissione della fattura, non sar\u00e0 possibile apportare alcuna modifica ai dati indicati nella stessa. Costi di spedizione: i costi di spedizione sono esplicitamente riportati nella tabella riepilogativa che segue. Spedizione Standard Italia: 5,00 euro iva incl.<br \/>\nFree Shipping Italy: for orders over 45.00 euros<\/p>\n<h3>Right of withdrawal<\/h3>\n<p>The customer has the right to withdraw without any penalty and without specifying the reason, within 14 (fourteen) working days from the day of receipt of the products, by sending a written communication by email to the address: <a href=\"mailto:info@antmir.it\" target=\"_blank\" rel=\"noopener\">info@antmir.it<\/a>. La comunicazione di cui al punto precedente dovr\u00e0 specificare la volont\u00e0 di recedere dall\u2019acquisto ed il prodotto o i prodotti per i quali si intende esercitare il diritto di recesso, allegando copia dello scontrino\/fattura fiscale. Il cliente dovr\u00e0 quindi rispedire a proprie spese il prodotto nell\u2019imballo originale a \u201cOrganic Lux SRL\u201d, Via sottoferrovia, 2, 19034 &#8211; Luni (SP). La merce dovr\u00e0 essere restituita integra, nella confezione originale, completa in tutte le sue parti e unitamente alla documentazione fiscale annessa. Fatta salva la facolt\u00e0 di verificare il rispetto di quanto sopra, Organic Lux SRL provveder\u00e0 con riaccredito sullo strumento di pagamento utilizzato per il pagamento a rimborsare l\u2019importo dei prodotti oggetto del recesso nel minor tempo possibile e comunque entro un termine massimo di 14 giorni dalla data in cui \u00e8 venuta a conoscenza dell\u2019esercizio del recesso. Organic Lux SRL ha diritto a non accettare i prodotti restituiti che siano stati alterati dalla loro condizione originale o siano stati danneggiati. Se il destinatario dei prodotti indicati nell\u2019ordine \u00e8 differente dal soggetto che ha effettuato il pagamento per tali prodotti, l\u2019importo pagato corrispondente agli articoli restituiti sar\u00e0 rimborsato da Organic Lux SRL al soggetto che ha effettuato il pagamento. Se viene esercitato il diritto di recesso, Organic Lux SRL non sar\u00e0 responsabile dei costi di trasporto per la restituzione o di qualunque perdita o danneggiamento dei prodotti imputabili a terzi.<\/p>\n<h3>Responsibility<\/h3>\n<p>Organic Lux SRL non assume alcuna responsabilit\u00e0 per disservizi imputabili a causa di forza maggiore o caso fortuito, anche ove dipendenti da malfunzionamenti e disservizi della rete Internet, nel caso in cui non riesca a dare esecuzione all\u2019ordine nei tempi previsti dal contratto. Organic Lux SRL non sar\u00e0 inoltre responsabile in merito a danni, perdite e costi subiti dal cliente a seguito della mancata esecuzione del contratto per cause allo stesso non imputabili, e salvo siano dipesi da fatto od omissione di Organic Lux SRL avendo il cliente diritto soltanto alla restituzione integrale del prezzo corrisposto e degli eventuali oneri accessori sostenuti. Organic Lux SRL non pu\u00f2 essere inoltre ritenuta responsabile delle informazioni, dei dati e delle eventuali inesattezze tecniche o d\u2019altra natura che potrebbero essere contenute nel sito, qualora siano state comunicate da terzi e siano state verificate da Organic Lux SRL secondo i criteri dell\u2019ordinaria diligenza. Organic Lux SRL non assume alcuna responsabilit\u00e0 per l\u2019eventuale uso fraudolento ed illecito che possa essere fatto da parte di terzi delle carte di credito, assegni ed altri mezzi di pagamento, all\u2019atto del pagamento dei prodotti acquistati, qualora dimostri di aver adottato tutte le cautele possibili in base alla miglior scienza ed esperienza del momento ed in base alla ordinaria diligenza.<\/p>\n<h3>Privacy and processing of personal data<\/h3>\n<p>The website <a href=\"https:\/\/antmir.it\/en\/\">antmir.it<\/a> is accessible and navigable anonymously. All product sheets are freely available for consultation, a similar operating method applies to the insertion of products in the cart for proof of purchase and verification of shipping costs. Registration on the site is required at the time of purchase and the insertion of information strictly necessary for the purchase and delivery of the product is required. Within the registration form it will be possible to subscribe to the Newsletter to be periodically informed about promotions and offers. The data provided are subject to compliance with the law on &quot;Protection of individuals and other subjects with respect to the processing of personal data&quot; (Legislative Decree 30.6.2003 n. 196), known as the Privacy Law. Personal data are processed mainly on electronic and paper media, within the scope of normal business activity for: Purposes strictly connected and instrumental to the management of relationships with the compiler (internal statistics, satisfaction feedback, preliminary acquisition of information aimed at the conclusion of a contract or the provision of a service, etc.); Purposes connected to the obligations set out in current tax legislation; If expressly permitted for promotional purposes or for sending editorial material.<\/p>","protected":false},"excerpt":{"rendered":"<p>Il sito internet antmir.it \u00e8 di propriet\u00e0 esclusiva della societ\u00e0 Organic Lux SRL, Via sottoferrovia, 2, 19034 &#8211; Luni (SP) iscritta presso la Camera di Commercio di Luni, codice fiscale e partita I.V.A. IT 01585990110. Ogni informazione upporto o richiesta possono essere inoltrati all\u2019indirizzo di posta elettronica info@antmir.it Qualora il cliente \u00e8 un consumatore (ossia [&hellip;]<\/p>\n","protected":false},"author":1,"featured_media":0,"parent":0,"menu_order":0,"comment_status":"closed","ping_status":"closed","template":"","meta":{"antmir_subtitle":"","antmir_hero_text":"","antmir_hero_image_id":0,"antmir_show_hero":true,"footnotes":""},"class_list":["post-244","page","type-page","status-publish","hentry"],"jetpack_sharing_enabled":true,"_links":{"self":[{"href":"https:\/\/antmir.it\/en\/wp-json\/wp\/v2\/pages\/244","targetHints":{"allow":["GET"]}}],"collection":[{"href":"https:\/\/antmir.it\/en\/wp-json\/wp\/v2\/pages"}],"about":[{"href":"https:\/\/antmir.it\/en\/wp-json\/wp\/v2\/types\/page"}],"author":[{"embeddable":true,"href":"https:\/\/antmir.it\/en\/wp-json\/wp\/v2\/users\/1"}],"replies":[{"embeddable":true,"href":"https:\/\/antmir.it\/en\/wp-json\/wp\/v2\/comments?post=244"}],"version-history":[{"count":5,"href":"https:\/\/antmir.it\/en\/wp-json\/wp\/v2\/pages\/244\/revisions"}],"predecessor-version":[{"id":1391,"href":"https:\/\/antmir.it\/en\/wp-json\/wp\/v2\/pages\/244\/revisions\/1391"}],"wp:attachment":[{"href":"https:\/\/antmir.it\/en\/wp-json\/wp\/v2\/media?parent=244"}],"curies":[{"name":"wp","href":"https:\/\/api.w.org\/{rel}","templated":true}]}}