{"id":515,"date":"2025-02-17T16:39:09","date_gmt":"2025-02-17T15:39:09","guid":{"rendered":"https:\/\/antmir.it\/?post_type=product&#038;p=515"},"modified":"2026-05-04T14:00:32","modified_gmt":"2026-05-04T13:00:32","slug":"dragon-lift-siero-viso-30ml","status":"publish","type":"product","link":"https:\/\/antmir.it\/en\/shop\/prodotti\/routine-viso\/dragon-lift-siero-viso-30ml\/","title":{"rendered":"Dragon Lift \u2013 Face Serum"},"content":{"rendered":"<p>Siero viso in gel dalla texture leggera e setosa, pensato per accompagnare la pelle con idratazione, luminosit\u00e0 e un aspetto pi\u00f9 disteso. La formula combina <strong>Hyaluronic Acid in different forms<\/strong>, <strong>Dragon Blood<\/strong>, <strong>Acacia Senegal Gum<\/strong> And <strong>fermentati<\/strong> per mantenere la pelle pi\u00f9 morbida, levigata e confortevole. Estratti di avena e attivi umettanti completano la formula per un viso pi\u00f9 fresco e uniforme al tatto. Ideale su viso, collo e d\u00e9collet\u00e9, prima della <a title=\"Face Cream\" href=\"https:\/\/antmir.it\/en\/shop\/prodotti\/routine-viso\/dragon-lift-crema-viso-50ml\/\">Dragon Lift Face Cream<\/a>.<\/p>","protected":false},"excerpt":{"rendered":"<p>Lifting and illuminating gel facial serum<\/p>","protected":false},"featured_media":1279,"comment_status":"closed","ping_status":"closed","template":"","meta":[],"product_brand":[],"product_cat":[15,148],"product_tag":[],"class_list":{"0":"post-515","1":"product","2":"type-product","3":"status-publish","4":"has-post-thumbnail","6":"product_cat-prodotti","7":"product_cat-routine-viso","9":"first","10":"onbackorder","11":"shipping-taxable","12":"purchasable","13":"product-type-simple"},"jetpack_sharing_enabled":true,"_links":{"self":[{"href":"https:\/\/antmir.it\/en\/wp-json\/wp\/v2\/product\/515","targetHints":{"allow":["GET"]}}],"collection":[{"href":"https:\/\/antmir.it\/en\/wp-json\/wp\/v2\/product"}],"about":[{"href":"https:\/\/antmir.it\/en\/wp-json\/wp\/v2\/types\/product"}],"replies":[{"embeddable":true,"href":"https:\/\/antmir.it\/en\/wp-json\/wp\/v2\/comments?post=515"}],"wp:featuredmedia":[{"embeddable":true,"href":"https:\/\/antmir.it\/en\/wp-json\/wp\/v2\/media\/1279"}],"wp:attachment":[{"href":"https:\/\/antmir.it\/en\/wp-json\/wp\/v2\/media?parent=515"}],"wp:term":[{"taxonomy":"product_brand","embeddable":true,"href":"https:\/\/antmir.it\/en\/wp-json\/wp\/v2\/product_brand?post=515"},{"taxonomy":"product_cat","embeddable":true,"href":"https:\/\/antmir.it\/en\/wp-json\/wp\/v2\/product_cat?post=515"},{"taxonomy":"product_tag","embeddable":true,"href":"https:\/\/antmir.it\/en\/wp-json\/wp\/v2\/product_tag?post=515"}],"curies":[{"name":"wp","href":"https:\/\/api.w.org\/{rel}","templated":true}]}}